{"id":5291,"date":"2022-01-17T14:02:16","date_gmt":"2022-01-17T13:02:16","guid":{"rendered":"https:\/\/lyceefrancais.at\/nuetzliche-informationen\/"},"modified":"2026-03-24T14:48:41","modified_gmt":"2026-03-24T13:48:41","slug":"nuetzliche-informationen","status":"publish","type":"page","link":"https:\/\/lyceefrancais.at\/de\/nuetzliche-informationen\/","title":{"rendered":"N\u00fctzliche Informationen"},"content":{"rendered":"<p><\/p><div class=\"fusion-fullwidth fullwidth-box fusion-builder-row-1 fusion-flex-container fusion-parallax-none nonhundred-percent-fullwidth non-hundred-percent-height-scrolling lazyload\" style=\"--awb-background-position-small:center bottom;--awb-background-repeat-small:no-repeat;--awb-border-radius-top-left:0px;--awb-border-radius-top-right:0px;--awb-border-radius-bottom-right:0px;--awb-border-radius-bottom-left:0px;--awb-padding-bottom:0px;--awb-padding-top-small:0px;--awb-padding-bottom-small:0px;--awb-margin-bottom:0px;--awb-margin-top-small:0px;--awb-margin-bottom-small:0px;--awb-min-height-small:10px;--awb-background-size:cover;--awb-background-size-small:contain;--awb-flex-wrap:wrap;\" data-bg=\"https:\/\/lyceefrancais.at\/wp-content\/uploads\/2023\/12\/AdobeStock_652287210-1024x447.jpeg\" data-fusion-responsive-bg=\"1\" data-bg-small=\"https:\/\/lyceefrancais.at\/wp-content\/uploads\/2023\/12\/AdobeStock_652287210-300x131.jpeg\"><div class=\"fusion-builder-row fusion-row fusion-flex-align-items-flex-start fusion-flex-content-wrap\" style=\"max-width:1200px;margin-left: calc(-0% \/ 2 );margin-right: calc(-0% \/ 2 );\"><div class=\"fusion-layout-column fusion_builder_column fusion-builder-column-0 fusion_builder_column_1_1 1_1 fusion-flex-column\" style=\"--awb-padding-bottom:300px;--awb-bg-position:center center;--awb-bg-size:cover;--awb-width-large:100%;--awb-margin-top-large:0px;--awb-spacing-right-large:0%;--awb-margin-bottom-large:0px;--awb-spacing-left-large:0%;--awb-width-medium:100%;--awb-order-medium:0;--awb-spacing-right-medium:0%;--awb-spacing-left-medium:0%;--awb-width-small:100%;--awb-order-small:0;--awb-spacing-right-small:0%;--awb-spacing-left-small:0%;\"><div class=\"fusion-column-wrapper fusion-column-has-shadow fusion-flex-justify-content-flex-start fusion-content-layout-column\"><\/div><\/div><\/div><\/div><div class=\"fusion-fullwidth fullwidth-box fusion-builder-row-2 fusion-flex-container has-pattern-background has-mask-background nonhundred-percent-fullwidth non-hundred-percent-height-scrolling fusion-no-medium-visibility fusion-no-large-visibility fusion-sticky-container\" style=\"--awb-border-radius-top-left:0px;--awb-border-radius-top-right:0px;--awb-border-radius-bottom-right:0px;--awb-border-radius-bottom-left:0px;--awb-padding-top:0px;--awb-padding-right:0px;--awb-padding-bottom:1px;--awb-padding-left:0px;--awb-background-color:#a9a8b4;--awb-flex-wrap:nowrap;--awb-flex-wrap-small:wrap;\" data-transition-offset=\"0\" data-sticky-offset=\".main-menu\" data-scroll-offset=\"0\" data-sticky-medium-visibility=\"1\" data-sticky-large-visibility=\"1\"><div class=\"fusion-builder-row fusion-row fusion-flex-align-items-center fusion-flex-justify-content-center fusion-flex-content-wrap\" style=\"max-width:calc( 1200px + );margin-left: calc(- \/ 2 );margin-right: calc(- \/ 2 );\"><div class=\"fusion-layout-column fusion_builder_column fusion-builder-column-1 fusion-flex-column\" style=\"--awb-bg-color:rgba(255,247,247,0);--awb-bg-color-hover:rgba(255,247,247,0);--awb-bg-size:cover;--awb-width-large:23%;--awb-margin-top-large:0px;--awb-spacing-right-large:;--awb-margin-bottom-large:0px;--awb-spacing-left-large:;--awb-width-medium:23%;--awb-order-medium:0;--awb-spacing-right-medium:;--awb-spacing-left-medium:;--awb-width-small:50%;--awb-order-small:0;--awb-spacing-right-small:;--awb-spacing-left-small:;\" data-scroll-devices=\"small-visibility,medium-visibility,large-visibility\"><div class=\"fusion-column-wrapper fusion-column-has-shadow fusion-flex-justify-content-flex-start fusion-content-layout-column\"><div style=\"text-align:center;\"><a class=\"fusion-button button-flat button-large button-custom fusion-button-default button-1 fusion-button-span-yes fusion-button-default-type\" style=\"--button_accent_color:#f7f7fa;--button_border_color:#a9a8b4;--button_accent_hover_color:#f7f7fa;--button_border_hover_color:#840a23;--button_border_width-top:0px;--button_border_width-right:0px;--button_border_width-bottom:0px;--button_border_width-left:0px;--button_gradient_top_color:#a9a8b4;--button_gradient_bottom_color:#a9a8b4;--button_gradient_top_color_hover:#840a23;--button_gradient_bottom_color_hover:#840a23;--button_margin-top:0px;--button_margin-right:0px;--button_margin-bottom:0px;--button_margin-left:0px;width:calc(100% - 0px - 0px);\" target=\"_self\" href=\"https:\/\/lyceefrancais.at\/maternelle\/\"><span class=\"fusion-button-text awb-button__text awb-button__text--default\">MATERNELLE<\/span><\/a><\/div><\/div><\/div><div class=\"fusion-layout-column fusion_builder_column fusion-builder-column-2 fusion-flex-column\" style=\"--awb-bg-color:rgba(255,247,247,0);--awb-bg-color-hover:rgba(255,247,247,0);--awb-bg-size:cover;--awb-width-large:22%;--awb-margin-top-large:0px;--awb-spacing-right-large:;--awb-margin-bottom-large:0px;--awb-spacing-left-large:;--awb-width-medium:22%;--awb-order-medium:0;--awb-spacing-right-medium:;--awb-spacing-left-medium:;--awb-width-small:50%;--awb-order-small:0;--awb-spacing-right-small:;--awb-spacing-left-small:;\"><div class=\"fusion-column-wrapper fusion-column-has-shadow fusion-flex-justify-content-flex-start fusion-content-layout-column\"><div style=\"text-align:center;\"><a class=\"fusion-button button-flat button-large button-custom fusion-button-default button-2 fusion-button-span-yes fusion-button-default-type\" style=\"--button_accent_color:#f7f7fa;--button_border_color:#a9a8b4;--button_accent_hover_color:#f7f7fa;--button_border_hover_color:#840a23;--button_border_width-top:0px;--button_border_width-right:0px;--button_border_width-bottom:0px;--button_border_width-left:0px;--button_gradient_top_color:#a9a8b4;--button_gradient_bottom_color:#a9a8b4;--button_gradient_top_color_hover:#840a23;--button_gradient_bottom_color_hover:#840a23;--button_margin-top:0px;--button_margin-right:0px;--button_margin-bottom:0px;--button_margin-left:0px;width:calc(100% - 0px - 0px);\" target=\"_self\" href=\"https:\/\/lyceefrancais.at\/elementaire\/\"><span class=\"fusion-button-text awb-button__text awb-button__text--default\">\u00c9L\u00c9MENTAIRE<\/span><\/a><\/div><\/div><\/div><div class=\"fusion-layout-column fusion_builder_column fusion-builder-column-3 fusion-flex-column\" style=\"--awb-bg-color:rgba(255,247,247,0);--awb-bg-color-hover:rgba(255,247,247,0);--awb-bg-size:cover;--awb-width-large:22%;--awb-margin-top-large:0px;--awb-spacing-right-large:;--awb-margin-bottom-large:0px;--awb-spacing-left-large:;--awb-width-medium:22%;--awb-order-medium:0;--awb-spacing-right-medium:;--awb-spacing-left-medium:;--awb-width-small:50%;--awb-order-small:0;--awb-spacing-right-small:;--awb-spacing-left-small:;\"><div class=\"fusion-column-wrapper fusion-column-has-shadow fusion-flex-justify-content-flex-start fusion-content-layout-column\"><div style=\"text-align:center;\"><a class=\"fusion-button button-flat button-large button-custom fusion-button-default button-3 fusion-button-span-yes fusion-button-default-type\" style=\"--button_accent_color:#f7f7fa;--button_border_color:#a9a8b4;--button_accent_hover_color:#f7f7fa;--button_border_hover_color:#840a23;--button_border_width-top:0px;--button_border_width-right:0px;--button_border_width-bottom:0px;--button_border_width-left:0px;--button_gradient_top_color:#a9a8b4;--button_gradient_bottom_color:#a9a8b4;--button_gradient_top_color_hover:#840a23;--button_gradient_bottom_color_hover:#840a23;--button_margin-top:0px;--button_margin-right:0px;--button_margin-bottom:0px;--button_margin-left:0px;width:calc(100% - 0px - 0px);\" target=\"_self\" href=\"https:\/\/lyceefrancais.at\/college\/\"><span class=\"fusion-button-text awb-button__text awb-button__text--default\">COLL\u00c8GE<\/span><\/a><\/div><\/div><\/div><div class=\"fusion-layout-column fusion_builder_column fusion-builder-column-4 fusion-flex-column\" style=\"--awb-bg-color:rgba(255,247,247,0);--awb-bg-color-hover:rgba(255,247,247,0);--awb-bg-size:cover;--awb-width-large:23%;--awb-margin-top-large:0px;--awb-spacing-right-large:;--awb-margin-bottom-large:0px;--awb-spacing-left-large:;--awb-width-medium:23%;--awb-order-medium:0;--awb-spacing-right-medium:;--awb-spacing-left-medium:;--awb-width-small:50%;--awb-order-small:0;--awb-spacing-right-small:;--awb-spacing-left-small:;\"><div class=\"fusion-column-wrapper fusion-column-has-shadow fusion-flex-justify-content-flex-start fusion-content-layout-column\"><div style=\"text-align:center;\"><a class=\"fusion-button button-flat button-large button-custom fusion-button-default button-4 fusion-button-span-yes fusion-button-default-type\" style=\"--button_accent_color:#f7f7fa;--button_border_color:#a9a8b4;--button_accent_hover_color:#f7f7fa;--button_border_hover_color:#840a23;--button_border_width-top:0px;--button_border_width-right:0px;--button_border_width-bottom:0px;--button_border_width-left:0px;--button_gradient_top_color:#a9a8b4;--button_gradient_bottom_color:#a9a8b4;--button_gradient_top_color_hover:#840a23;--button_gradient_bottom_color_hover:#840a23;--button_margin-top:0px;--button_margin-right:0px;--button_margin-bottom:0px;--button_margin-left:0px;width:calc(100% - 0px - 0px);\" target=\"_self\" href=\"https:\/\/lyceefrancais.at\/lycee\/\"><span class=\"fusion-button-text awb-button__text awb-button__text--default\">LYC\u00c9E<\/span><\/a><\/div><\/div><\/div><\/div><\/div>\n<div class=\"fusion-fullwidth fullwidth-box fusion-builder-row-3 fusion-flex-container nonhundred-percent-fullwidth non-hundred-percent-height-scrolling\" style=\"--awb-border-radius-top-left:0px;--awb-border-radius-top-right:0px;--awb-border-radius-bottom-right:0px;--awb-border-radius-bottom-left:0px;--awb-padding-top:25px;--awb-padding-right:35px;--awb-padding-bottom:25px;--awb-padding-left:35px;--awb-padding-right-small:25px;--awb-flex-wrap:wrap;\"><div class=\"fusion-builder-row fusion-row fusion-flex-align-items-flex-start fusion-flex-justify-content-flex-end fusion-flex-content-wrap\" style=\"max-width:1200px;margin-left: calc(-0% \/ 2 );margin-right: calc(-0% \/ 2 );\"><div class=\"fusion-layout-column fusion_builder_column fusion-builder-column-5 fusion_builder_column_1_1 1_1 fusion-flex-column\" style=\"--awb-padding-top:50px;--awb-padding-right-small:0px;--awb-padding-left-small:0px;--awb-bg-size:cover;--awb-width-large:100%;--awb-margin-top-large:0px;--awb-spacing-right-large:0%;--awb-margin-bottom-large:0px;--awb-spacing-left-large:0%;--awb-width-medium:100%;--awb-order-medium:0;--awb-spacing-right-medium:0%;--awb-spacing-left-medium:0%;--awb-width-small:100%;--awb-order-small:0;--awb-spacing-right-small:0%;--awb-spacing-left-small:0%;\"><div class=\"fusion-column-wrapper fusion-column-has-shadow fusion-flex-justify-content-flex-start fusion-content-layout-column\"><div class=\"fusion-text fusion-text-1\"><h3 class=\"fusion-responsive-typography-calculated\" style=\"text-align: center; line-height: 1; --fontsize: 14; --minfontsize: 14;\" data-fontsize=\"14\" data-lineheight=\"14px\"><span style=\"color: #840a23; font-family: Crimson Text; font-size: 300%;\"><span style=\"caret-color: #840a23; font-weight: normal; letter-spacing: normal;\">N\u00fctzliche Informationen<\/span><\/span><\/h3>\n<\/div><div class=\"fusion-separator\" style=\"align-self: center;margin-left: auto;margin-right: auto;margin-top:20px;margin-bottom:35px;width:100%;max-width:80px;\"><div class=\"fusion-separator-border sep-single sep-solid\" style=\"--awb-height:20px;--awb-amount:20px;border-color:#e0dede;border-top-width:2px;\"><\/div><\/div><div class=\"fusion-separator fusion-full-width-sep\" style=\"align-self: center;margin-left: auto;margin-right: auto;margin-bottom:35px;width:100%;\"><\/div><\/div><\/div><div class=\"fusion-layout-column fusion_builder_column fusion-builder-column-6 fusion-flex-column\" style=\"--awb-bg-size:cover;--awb-width-large:42%;--awb-margin-top-large:0px;--awb-spacing-right-large:0%;--awb-margin-bottom-large:0px;--awb-spacing-left-large:0%;--awb-width-medium:42%;--awb-order-medium:0;--awb-spacing-right-medium:0%;--awb-spacing-left-medium:0%;--awb-width-small:100%;--awb-order-small:0;--awb-spacing-right-small:0%;--awb-spacing-left-small:0%;\"><div class=\"fusion-column-wrapper fusion-column-has-shadow fusion-flex-justify-content-flex-start fusion-content-layout-column\"><div class=\"fusion-text fusion-text-2\" style=\"--awb-user-select:auto;\"><h4 data-fusion-font=\"true\">Die Speisepl\u00e4ne des Schulrestaurants<\/h4>\n<p data-fusion-font=\"true\"><b><a style=\"color: var(--awb-custom_color_5);\" href=\"https:\/\/cloud.lyceefrancais.at\/s\/XiA8wY5NgfGFSnH\">Woche 13<\/a><\/b><\/p>\n<p data-fusion-font=\"true\"><b><a href=\"https:\/\/cloud.lyceefrancais.at\/s\/HxL8kyMbFrF3LJt\" style=\"color: var(--awb-custom_color_5);\">Woche 16<\/a><\/b><\/p>\n<h4 data-fusion-font=\"true\"> <\/h4>\n<h4><strong>Zeitpl\u00e4ne<\/strong><\/h4>\n<p><span style=\"color: #0000ff;\"><strong><span style=\"color: var(--awb-custom_color_5);\"><a style=\"color: var(--awb-custom_color_5);\" href=\"https:\/\/cloud.lyceefrancais.at\/s\/TSxJFSK5mxpi6cR\">2025\u20132026 Schul\u00adka\u00adlen\u00adder<\/a><\/span><\/strong><\/span><\/p>\n<p><strong><a style=\"color: var(--awb-custom_color_5);\" href=\"https:\/\/cloud.lyceefrancais.at\/s\/KCMDYxsW6zCkXwg\">2025\u20132026 Ferien<\/a> <\/strong><\/p>\n<p><a href=\"https:\/\/cloud.lyceefrancais.at\/s\/tZHL7z9az5QZozg\"><strong style=\"color: var(--awb-custom_color_5);\">2026\u20132027 Schul\u00adka\u00adlen\u00adder<\/strong><\/a><\/p>\n<p><a href=\"https:\/\/cloud.lyceefrancais.at\/s\/FG9yTern44F2NYw\"><strong style=\"color: var(--awb-custom_color_5);\">2026\u20132026 Cal\u00aden\u00addri\u00ader vacances scolaires<\/strong><\/a><\/p>\n<h4><strong style=\"font-family: var(--h4_typography-font-family); font-size: var(--h4_typography-font-size); font-style: var(--h4_typography-font-style,normal); letter-spacing: var(--h4_typography-letter-spacing); text-transform: var(--h4_typography-text-transform); text-align: var(--awb-content-alignment); line-height: 1;\" data-fusion-font=\"true\">Sport Verein<\/strong><\/h4>\n<p><strong><a style=\"color: var(--awb-custom_color_5);\" href=\"https:\/\/cloud.lyceefrancais.at\/s\/k3x86zdFrAkj59f\">Plan\u00adning 2025\u20132026<\/a><\/strong><\/p>\n<h4 style=\"color: var(--awb-custom_color_5);\"> <\/h4>\n<h4>Lesetipps<\/h4>\n<p><span style=\"color: #0000ff;\"><strong><a style=\"color: var(--awb-custom_color_5);\" href=\"https:\/\/lyceefrancais.at\/wp-content\/uploads\/2024\/06\/Liste-lectures-d%C2%B4ete-college.pdf\">F\u00fcr die Unter\u00adstufe Gymnasium<\/a><\/strong><\/span><\/p>\n<p><span style=\"color: #0000ff;\"><strong><a style=\"color: var(--awb-custom_color_5);\" href=\"https:\/\/lyceefrancais.at\/wp-content\/uploads\/2024\/06\/Liste-de-lectures-dete-lycee.pdf\">F\u00fcr die Ober\u00adstufe Gymnasium<\/a><\/strong><\/span><\/p>\n<p><a href=\"https:\/\/1100002e.esidoc.fr\"><strong><span style=\"color: #0000ff;\"><span style=\"color: var(--awb-custom_color_5);\">vom CDI<\/span> <\/span><\/strong><\/a><\/p>\n<\/div><\/div><\/div><div class=\"fusion-layout-column fusion_builder_column fusion-builder-column-7 fusion_builder_column_1_6 1_6 fusion-flex-column\" style=\"--awb-bg-size:cover;--awb-width-large:16.666666666667%;--awb-margin-top-large:0px;--awb-spacing-right-large:0%;--awb-margin-bottom-large:0px;--awb-spacing-left-large:0%;--awb-width-medium:16.666666666667%;--awb-order-medium:0;--awb-spacing-right-medium:0%;--awb-spacing-left-medium:0%;--awb-width-small:100%;--awb-order-small:0;--awb-spacing-right-small:0%;--awb-spacing-left-small:0%;\"><div class=\"fusion-column-wrapper fusion-column-has-shadow fusion-flex-justify-content-flex-start fusion-content-layout-column\"><div class=\"elegant-empty-space space-vertical fusion-clearfix \" style=\"height:10px;\"><\/div><\/div><\/div><div class=\"fusion-layout-column fusion_builder_column fusion-builder-column-8 fusion_builder_column_2_5 2_5 fusion-flex-column\" style=\"--awb-bg-size:cover;--awb-width-large:40%;--awb-margin-top-large:0px;--awb-spacing-right-large:0%;--awb-margin-bottom-large:0px;--awb-spacing-left-large:0%;--awb-width-medium:40%;--awb-order-medium:0;--awb-spacing-right-medium:0%;--awb-spacing-left-medium:0%;--awb-width-small:100%;--awb-order-small:0;--awb-spacing-right-small:0%;--awb-spacing-left-small:0%;\"><div class=\"fusion-column-wrapper fusion-column-has-shadow fusion-flex-justify-content-flex-start fusion-content-layout-column\"><div class=\"fusion-text fusion-text-3\"><h4>Materiallisten<\/h4>\n<p data-fusion-font=\"true\"><strong style=\"line-height: 15px;\" data-fusion-font=\"true\">\u00c9cole Mater\u00adnelle \/ Kindergarten<\/strong><\/p>\n<p data-fusion-font=\"true\"><strong><span style=\"color: #0000ff;\"><a style=\"color: var(--awb-custom_color_5); line-height: 15px;\" href=\"https:\/\/lyceefrancais.at\/wp-content\/uploads\/2024\/12\/Fournitures-PS-2024.pdf\" data-fusion-font=\"true\">Petite Sec\u00adtion \u2014 Kinder\u00adgarten 1.&nbsp;Jahr<\/a><\/span><\/strong><\/p>\n<p data-fusion-font=\"true\"><strong><span style=\"color: #0000ff;\"><a style=\"color: var(--awb-custom_color_5); line-height: 15px;\" href=\"https:\/\/lyceefrancais.at\/wp-content\/uploads\/2024\/12\/Fournitures-MS-2024.pdf\" data-fusion-font=\"true\">Moyenne Sec\u00adtion \u2014 Kinder\u00adgarten 2.&nbsp;Jahr<\/a><\/span><\/strong><\/p>\n<p data-fusion-font=\"true\"><span style=\"color: #0000ff;\"><strong><a style=\"color: var(--awb-custom_color_5); line-height: 15px;\" href=\"https:\/\/lyceefrancais.at\/wp-content\/uploads\/2024\/12\/Fournitures-GS-2024.pdf\" data-fusion-font=\"true\">Grande Sec\u00adtion GS \u2014 Kinder\u00adgarten 3.&nbsp;Jahr<\/a><\/strong><\/span><\/p>\n<p data-fusion-font=\"true\"><strong style=\"line-height: 15px;\" data-fusion-font=\"true\"> <\/strong><\/p>\n<p data-fusion-font=\"true\"><strong style=\"line-height: 15px;\" data-fusion-font=\"true\">\u00c9cole \u00c9l\u00e9\u00admen\u00adtaire \/ Volkschule<\/strong><\/p>\n<p data-fusion-font=\"true\"><span style=\"color: #0000ff;\"><strong><span style=\"color: var(--awb-custom_color_5); line-height: 15px;\"><span style=\"color: var(--awb-custom_color_5);\"><a style=\"color: var(--awb-custom_color_5);\" href=\"https:\/\/cloud.lyceefrancais.at\/s\/iiLbYysonw5QXQH\">CP<\/a><\/span><\/span><\/strong><\/span><\/p>\n<p data-fusion-font=\"true\"><span style=\"color: #0000ff;\"><strong><span style=\"color: var(--awb-custom_color_5); line-height: 15px;\"><span style=\"color: var(--awb-custom_color_5);\"><a style=\"color: var(--awb-custom_color_5);\" href=\"https:\/\/cloud.lyceefrancais.at\/s\/wTozp5r75LkYcRr\">CE1<\/a><\/span><\/span><\/strong><\/span><\/p>\n<p data-fusion-font=\"true\"><span style=\"color: #0000ff;\"><strong><span style=\"color: var(--awb-custom_color_5); line-height: 15px;\"><span style=\"color: var(--awb-custom_color_5);\"><a style=\"color: var(--awb-custom_color_5);\" href=\"https:\/\/cloud.lyceefrancais.at\/s\/XQ5CFHeQNLogC6j\">CE2<\/a><\/span><\/span><\/strong><\/span><\/p>\n<p data-fusion-font=\"true\"><span style=\"color: #0000ff;\"><strong><span style=\"color: var(--awb-custom_color_5); line-height: 15px;\"><span style=\"color: var(--awb-custom_color_5);\"><a style=\"color: var(--awb-custom_color_5);\" href=\"https:\/\/cloud.lyceefrancais.at\/s\/pqPwsQ6SQYQG7oQ\">CM1<\/a><\/span><\/span><\/strong><\/span><\/p>\n<p data-fusion-font=\"true\"><span style=\"color: #0000ff;\"><strong><span style=\"color: var(--awb-custom_color_5); line-height: 15px;\"><span style=\"color: var(--awb-custom_color_5);\"><a style=\"color: var(--awb-custom_color_5);\" href=\"https:\/\/cloud.lyceefrancais.at\/s\/GNXdKAoWWrWFziX\">CM2<\/a><\/span><\/span><\/strong><\/span><\/p>\n<\/div><\/div><\/div><\/div><\/div><div class=\"fusion-fullwidth fullwidth-box fusion-builder-row-4 fusion-flex-container has-pattern-background has-mask-background nonhundred-percent-fullwidth non-hundred-percent-height-scrolling fusion-no-medium-visibility fusion-no-large-visibility\" style=\"--awb-border-radius-top-left:0px;--awb-border-radius-top-right:0px;--awb-border-radius-bottom-right:0px;--awb-border-radius-bottom-left:0px;--awb-padding-top:50px;--awb-padding-right:25px;--awb-padding-bottom:13px;--awb-padding-left:25px;--awb-margin-top:3px;--awb-margin-bottom:0px;--awb-flex-wrap:wrap;\"><div class=\"fusion-builder-row fusion-row fusion-flex-align-items-flex-start fusion-flex-justify-content-space-evenly fusion-flex-content-wrap\" style=\"max-width:1200px;margin-left: calc(-0% \/ 2 );margin-right: calc(-0% \/ 2 );\"><div class=\"fusion-layout-column fusion_builder_column fusion-builder-column-9 fusion_builder_column_1_1 1_1 fusion-flex-column\" style=\"--awb-bg-size:cover;--awb-width-large:100%;--awb-margin-top-large:0px;--awb-spacing-right-large:0%;--awb-margin-bottom-large:0px;--awb-spacing-left-large:0%;--awb-width-medium:100%;--awb-order-medium:0;--awb-spacing-right-medium:0%;--awb-spacing-left-medium:0%;--awb-width-small:100%;--awb-order-small:0;--awb-spacing-right-small:0%;--awb-spacing-left-small:0%;\"><div class=\"fusion-column-wrapper fusion-column-has-shadow fusion-flex-justify-content-flex-start fusion-content-layout-column\"><div class=\"fusion-separator fusion-full-width-sep\" style=\"align-self: center;margin-left: auto;margin-right: auto;width:100%;\"><div class=\"fusion-separator-border sep-double\" style=\"--awb-height:20px;--awb-amount:20px;border-color:#e0dede;border-top-width:1px;border-bottom-width:1px;\"><\/div><\/div><\/div><\/div><\/div><\/div>\n\n","protected":false},"excerpt":{"rendered":"","protected":false},"author":13,"featured_media":0,"parent":0,"menu_order":0,"comment_status":"closed","ping_status":"closed","template":"100-width.php","meta":{"_acf_changed":false,"inline_featured_image":false,"wp_typography_post_enhancements_disabled":false,"footnotes":""},"class_list":["post-5291","page","type-page","status-publish","hentry"],"acf":[],"yoast_head":"<!-- This site is optimized with the Yoast SEO plugin v26.1.1 - https:\/\/yoast.com\/wordpress\/plugins\/seo\/ -->\n<title>N\u00fctzliche Informationen - lyceefrancais.at<\/title>\n<meta name=\"robots\" content=\"index, follow, max-snippet:-1, max-image-preview:large, max-video-preview:-1\" \/>\n<link rel=\"canonical\" href=\"https:\/\/lyceefrancais.at\/de\/nuetzliche-informationen\/\" \/>\n<meta property=\"og:locale\" content=\"de_DE\" \/>\n<meta property=\"og:type\" content=\"article\" \/>\n<meta property=\"og:title\" content=\"N\u00fctzliche Informationen - lyceefrancais.at\" \/>\n<meta property=\"og:url\" content=\"https:\/\/lyceefrancais.at\/de\/nuetzliche-informationen\/\" \/>\n<meta property=\"og:site_name\" content=\"lyceefrancais.at\" \/>\n<meta property=\"article:modified_time\" content=\"2026-03-24T13:48:41+00:00\" \/>\n<meta name=\"twitter:card\" content=\"summary_large_image\" \/>\n<meta name=\"twitter:label1\" content=\"Gesch\u00e4tzte Lesezeit\" \/>\n\t<meta name=\"twitter:data1\" content=\"7\u00a0Minuten\" \/>\n<script type=\"application\/ld+json\" class=\"yoast-schema-graph\">{\"@context\":\"https:\/\/schema.org\",\"@graph\":[{\"@type\":\"WebPage\",\"@id\":\"https:\/\/lyceefrancais.at\/de\/nuetzliche-informationen\/\",\"url\":\"https:\/\/lyceefrancais.at\/de\/nuetzliche-informationen\/\",\"name\":\"N\u00fctzliche Informationen - lyceefrancais.at\",\"isPartOf\":{\"@id\":\"https:\/\/lyceefrancais.at\/de\/#website\"},\"datePublished\":\"2022-01-17T13:02:16+00:00\",\"dateModified\":\"2026-03-24T13:48:41+00:00\",\"breadcrumb\":{\"@id\":\"https:\/\/lyceefrancais.at\/de\/nuetzliche-informationen\/#breadcrumb\"},\"inLanguage\":\"de\",\"potentialAction\":[{\"@type\":\"ReadAction\",\"target\":[\"https:\/\/lyceefrancais.at\/de\/nuetzliche-informationen\/\"]}]},{\"@type\":\"BreadcrumbList\",\"@id\":\"https:\/\/lyceefrancais.at\/de\/nuetzliche-informationen\/#breadcrumb\",\"itemListElement\":[{\"@type\":\"ListItem\",\"position\":1,\"name\":\"Startseite\",\"item\":\"https:\/\/lyceefrancais.at\/de\/\"},{\"@type\":\"ListItem\",\"position\":2,\"name\":\"N\u00fctzliche Informationen\"}]},{\"@type\":\"WebSite\",\"@id\":\"https:\/\/lyceefrancais.at\/de\/#website\",\"url\":\"https:\/\/lyceefrancais.at\/de\/\",\"name\":\"lyceefrancais.at\",\"description\":\"Vienne\",\"potentialAction\":[{\"@type\":\"SearchAction\",\"target\":{\"@type\":\"EntryPoint\",\"urlTemplate\":\"https:\/\/lyceefrancais.at\/de\/?s={search_term_string}\"},\"query-input\":{\"@type\":\"PropertyValueSpecification\",\"valueRequired\":true,\"valueName\":\"search_term_string\"}}],\"inLanguage\":\"de\"}]}<\/script>\n<!-- \/ Yoast SEO plugin. -->","yoast_head_json":{"title":"N\u00fctzliche Informationen - lyceefrancais.at","robots":{"index":"index","follow":"follow","max-snippet":"max-snippet:-1","max-image-preview":"max-image-preview:large","max-video-preview":"max-video-preview:-1"},"canonical":"https:\/\/lyceefrancais.at\/de\/nuetzliche-informationen\/","og_locale":"de_DE","og_type":"article","og_title":"N\u00fctzliche Informationen - lyceefrancais.at","og_url":"https:\/\/lyceefrancais.at\/de\/nuetzliche-informationen\/","og_site_name":"lyceefrancais.at","article_modified_time":"2026-03-24T13:48:41+00:00","twitter_card":"summary_large_image","twitter_misc":{"Gesch\u00e4tzte Lesezeit":"7\u00a0Minuten"},"schema":{"@context":"https:\/\/schema.org","@graph":[{"@type":"WebPage","@id":"https:\/\/lyceefrancais.at\/de\/nuetzliche-informationen\/","url":"https:\/\/lyceefrancais.at\/de\/nuetzliche-informationen\/","name":"N\u00fctzliche Informationen - lyceefrancais.at","isPartOf":{"@id":"https:\/\/lyceefrancais.at\/de\/#website"},"datePublished":"2022-01-17T13:02:16+00:00","dateModified":"2026-03-24T13:48:41+00:00","breadcrumb":{"@id":"https:\/\/lyceefrancais.at\/de\/nuetzliche-informationen\/#breadcrumb"},"inLanguage":"de","potentialAction":[{"@type":"ReadAction","target":["https:\/\/lyceefrancais.at\/de\/nuetzliche-informationen\/"]}]},{"@type":"BreadcrumbList","@id":"https:\/\/lyceefrancais.at\/de\/nuetzliche-informationen\/#breadcrumb","itemListElement":[{"@type":"ListItem","position":1,"name":"Startseite","item":"https:\/\/lyceefrancais.at\/de\/"},{"@type":"ListItem","position":2,"name":"N\u00fctzliche Informationen"}]},{"@type":"WebSite","@id":"https:\/\/lyceefrancais.at\/de\/#website","url":"https:\/\/lyceefrancais.at\/de\/","name":"lyceefrancais.at","description":"Vienne","potentialAction":[{"@type":"SearchAction","target":{"@type":"EntryPoint","urlTemplate":"https:\/\/lyceefrancais.at\/de\/?s={search_term_string}"},"query-input":{"@type":"PropertyValueSpecification","valueRequired":true,"valueName":"search_term_string"}}],"inLanguage":"de"}]}},"_links":{"self":[{"href":"https:\/\/lyceefrancais.at\/de\/wp-json\/wp\/v2\/pages\/5291","targetHints":{"allow":["GET"]}}],"collection":[{"href":"https:\/\/lyceefrancais.at\/de\/wp-json\/wp\/v2\/pages"}],"about":[{"href":"https:\/\/lyceefrancais.at\/de\/wp-json\/wp\/v2\/types\/page"}],"author":[{"embeddable":true,"href":"https:\/\/lyceefrancais.at\/de\/wp-json\/wp\/v2\/users\/13"}],"replies":[{"embeddable":true,"href":"https:\/\/lyceefrancais.at\/de\/wp-json\/wp\/v2\/comments?post=5291"}],"version-history":[{"count":73,"href":"https:\/\/lyceefrancais.at\/de\/wp-json\/wp\/v2\/pages\/5291\/revisions"}],"predecessor-version":[{"id":10330,"href":"https:\/\/lyceefrancais.at\/de\/wp-json\/wp\/v2\/pages\/5291\/revisions\/10330"}],"wp:attachment":[{"href":"https:\/\/lyceefrancais.at\/de\/wp-json\/wp\/v2\/media?parent=5291"}],"curies":[{"name":"wp","href":"https:\/\/api.w.org\/{rel}","templated":true}]}}